{"id":2,"date":"2014-04-09T14:43:37","date_gmt":"2014-04-09T12:43:37","guid":{"rendered":"http:\/\/www.haufundscholz.de\/wordpress\/?page_id=2"},"modified":"2021-11-17T16:17:04","modified_gmt":"2021-11-17T15:17:04","slug":"beispiel-seite","status":"publish","type":"page","link":"http:\/\/www.haufundscholz.de\/wordpress\/","title":{"rendered":"Home"},"content":{"rendered":"<p><strong> <a href=\"http:\/\/www.haufundscholz.de\/wordpress\/wp-content\/uploads\/2021\/11\/Logo.jpg\"><img decoding=\"async\" loading=\"lazy\" class=\"size-medium wp-image-366 aligncenter\" src=\"http:\/\/www.haufundscholz.de\/wordpress\/wp-content\/uploads\/2021\/11\/Logo-300x89.jpg\" alt=\"\" width=\"300\" height=\"89\" srcset=\"http:\/\/www.haufundscholz.de\/wordpress\/wp-content\/uploads\/2021\/11\/Logo-300x89.jpg 300w, http:\/\/www.haufundscholz.de\/wordpress\/wp-content\/uploads\/2021\/11\/Logo.jpg 560w\" sizes=\"(max-width: 300px) 100vw, 300px\" \/><\/a><\/strong><\/p>\n<p><strong>Wir leisten unseren Beitrag zur barrierefreien Mobilit\u00e4t unserer Kunden<\/strong><\/p>\n<p>Mit \u00f6ffentlichen Verkehrsmitteln von A nach B zu kommen bedeutet f\u00fcr Menschen mit Behinderung oft Stress und logistische Meisterleistungen. Deshalb sind Fahrdienste wichtig, denn sie erm\u00f6glichen Menschen mit Beeintr\u00e4chtigung eine weitgehend selbstbestimmte Gestaltung des Alltags und erleichtern die Teilnahme am gesellschaftlichen Leben.<\/p>\n<p>Seit \u00fcber 30 Jahren bef\u00f6rdern wir im Rhein-Main-Gebiet und im weiteren Umkreis erwachsene Menschen zuverl\u00e4ssig und sicher zu ihrer Arbeitsstelle oder zur Tagesst\u00e4tte sowie Kinder und Jugendliche zur Schule.<\/p>\n<p>Unsere Auftraggeber sind u.a. der Landeswohlfahrtsverband Hessen, diverse Schulverwaltungs\u00e4mter (wie der St\u00e4dte Frankfurt und Offenbach), Arbeits-agenturen, Krankenkassen sowie Landkreise.<\/p>\n<p>Voraussetzung f\u00fcr eine sichere Bef\u00f6rderung ist eine gute Ausstattung der Fahrzeuge nach den gesetzlichen Bestimmungen. Unsere Fahrzeuge sind mit Hebeb\u00fchnen und Rampen ausgestattet. Jeder Fahrgast, der sich alleine oder mit Hilfe unseres erfahrenen Personals umsetzen kann, wird auf seinem jeweiligen Platz angegurtet. Elektrorollstuhlfahrer k\u00f6nnen sitzend im Rollstuhl bef\u00f6rdert werden, wenn dieser \u00fcber ein Kraftknotensystem verf\u00fcgt, damit Rollstuhl und Fahrgast zuverl\u00e4ssig mit entsprechenden Haltesystemen im Fahrzeug gesichert werden k\u00f6nnen. Elektrorollst\u00fchle m\u00fcssen f\u00fcr eine sichere Bef\u00f6rderung mit einer Kopfst\u00fctze ausgestattet sein.<\/p>\n<p>Vor Beginn der ersten Bef\u00f6rderung setzt sich unser Einsatzleiter mit den Fahrg\u00e4sten bzw. deren Angeh\u00f6rigen in Verbindung. Bei Schulfahrten legen wir Wert auf eine enge Zusammenarbeit mit Eltern und dem Schulpersonal.<\/p>\n<p>Wir informieren unsere Mitarbeiter regelm\u00e4\u00dfig \u00fcber besondere Anforderungen in Hinblick auf eine sichere Bef\u00f6rderung unserer Fahrg\u00e4ste. Ein vertrauensvolles Miteinander aller Beteiligten ist uns wichtig.<\/p>\n<p><strong>Die Bef\u00f6rderung von Menschen mit Behinderung ist f\u00fcr uns nicht nur ein Transport, sondern eine Herzensangelegenheit.<\/strong><\/p>\n","protected":false},"excerpt":{"rendered":"<p>Wir leisten unseren Beitrag zur barrierefreien Mobilit\u00e4t unserer Kunden Mit \u00f6ffentlichen Verkehrsmitteln von A nach B zu kommen bedeutet f\u00fcr Menschen mit Behinderung oft Stress und logistische Meisterleistungen. Deshalb sind Fahrdienste wichtig, denn sie erm\u00f6glichen Menschen mit Beeintr\u00e4chtigung eine weitgehend selbstbestimmte Gestaltung des Alltags und erleichtern die Teilnahme am gesellschaftlichen Leben. Seit \u00fcber 30 Jahren &hellip; <a href=\"http:\/\/www.haufundscholz.de\/wordpress\/\" class=\"more-link\"><span class=\"screen-reader-text\">Home<\/span> weiterlesen <span class=\"meta-nav\">&rarr;<\/span><\/a><\/p>\n","protected":false},"author":1,"featured_media":0,"parent":0,"menu_order":7,"comment_status":"closed","ping_status":"closed","template":"","meta":[],"_links":{"self":[{"href":"http:\/\/www.haufundscholz.de\/wordpress\/index.php?rest_route=\/wp\/v2\/pages\/2"}],"collection":[{"href":"http:\/\/www.haufundscholz.de\/wordpress\/index.php?rest_route=\/wp\/v2\/pages"}],"about":[{"href":"http:\/\/www.haufundscholz.de\/wordpress\/index.php?rest_route=\/wp\/v2\/types\/page"}],"author":[{"embeddable":true,"href":"http:\/\/www.haufundscholz.de\/wordpress\/index.php?rest_route=\/wp\/v2\/users\/1"}],"replies":[{"embeddable":true,"href":"http:\/\/www.haufundscholz.de\/wordpress\/index.php?rest_route=%2Fwp%2Fv2%2Fcomments&post=2"}],"version-history":[{"count":12,"href":"http:\/\/www.haufundscholz.de\/wordpress\/index.php?rest_route=\/wp\/v2\/pages\/2\/revisions"}],"predecessor-version":[{"id":367,"href":"http:\/\/www.haufundscholz.de\/wordpress\/index.php?rest_route=\/wp\/v2\/pages\/2\/revisions\/367"}],"wp:attachment":[{"href":"http:\/\/www.haufundscholz.de\/wordpress\/index.php?rest_route=%2Fwp%2Fv2%2Fmedia&parent=2"}],"curies":[{"name":"wp","href":"https:\/\/api.w.org\/{rel}","templated":true}]}}